{"id":1088,"date":"2024-07-04T14:27:12","date_gmt":"2024-07-04T17:27:12","guid":{"rendered":"https:\/\/serranoexclusive.com.br\/?page_id=1088"},"modified":"2024-08-12T11:55:54","modified_gmt":"2024-08-12T14:55:54","slug":"suite-luxo-premium","status":"publish","type":"page","link":"https:\/\/serranoexclusive.com.br\/index.php\/suite-luxo-premium\/","title":{"rendered":"Su\u00edte Luxo Premium"},"content":{"rendered":"\t\t<div data-elementor-type=\"wp-page\" data-elementor-id=\"1088\" class=\"elementor elementor-1088\" data-elementor-post-type=\"page\">\n\t\t\t\t\t\t<section class=\"elementor-section elementor-top-section elementor-element elementor-element-6ca603c8 elementor-section-boxed elementor-section-height-default elementor-section-height-default wpr-particle-no wpr-jarallax-no wpr-parallax-no wpr-sticky-section-no wpr-equal-height-no\" data-id=\"6ca603c8\" data-element_type=\"section\" data-e-type=\"section\" data-settings=\"{&quot;background_background&quot;:&quot;classic&quot;}\">\n\t\t\t\t\t\t\t<div class=\"elementor-background-overlay\"><\/div>\n\t\t\t\t\t\t\t<div class=\"elementor-container elementor-column-gap-default\">\n\t\t\t\t\t<div class=\"elementor-column elementor-col-100 elementor-top-column elementor-element elementor-element-2c07e7f6 elementor-invisible\" data-id=\"2c07e7f6\" data-element_type=\"column\" data-e-type=\"column\" data-settings=\"{&quot;animation&quot;:&quot;bounceInDown&quot;}\">\n\t\t\t<div class=\"elementor-widget-wrap elementor-element-populated\">\n\t\t\t\t\t\t<div class=\"elementor-element elementor-element-15232ea0 elementor-widget elementor-widget-heading\" data-id=\"15232ea0\" data-element_type=\"widget\" data-e-type=\"widget\" data-widget_type=\"heading.default\">\n\t\t\t\t<div class=\"elementor-widget-container\">\n\t\t\t\t\t<h1 class=\"elementor-heading-title elementor-size-default\">Su\u00edte Premium\n\n<\/h1>\t\t\t\t<\/div>\n\t\t\t\t<\/div>\n\t\t\t\t\t<\/div>\n\t\t<\/div>\n\t\t\t\t\t<\/div>\n\t\t<\/section>\n\t\t<div class=\"elementor-element elementor-element-49d938e e-flex e-con-boxed wpr-particle-no wpr-jarallax-no wpr-parallax-no wpr-sticky-section-no wpr-equal-height-no e-con e-parent\" data-id=\"49d938e\" data-element_type=\"container\" data-e-type=\"container\">\n\t\t\t\t\t<div class=\"e-con-inner\">\n\t\t<div class=\"elementor-element elementor-element-c0b2a13 e-con-full e-flex wpr-particle-no wpr-jarallax-no wpr-parallax-no wpr-sticky-section-no wpr-equal-height-no e-con e-child\" data-id=\"c0b2a13\" data-element_type=\"container\" data-e-type=\"container\">\n\t\t\t\t<div class=\"elementor-element elementor-element-49a03b5 elementor-widget elementor-widget-text-editor\" data-id=\"49a03b5\" data-element_type=\"widget\" data-e-type=\"widget\" data-widget_type=\"text-editor.default\">\n\t\t\t\t<div class=\"elementor-widget-container\">\n\t\t\t\t\t\t\t\t\t<p style=\"margin: 0cm; margin-bottom: .0001pt; background: white;\"><span style=\"color: #233328;\">&#8211; Quarto amplo, <\/span><\/p><p style=\"margin: 0cm; margin-bottom: .0001pt; background: white;\"><span style=\"color: #233328;\">&#8211; Piscina privativa e aquecida,<\/span><\/p><p style=\"margin: 0cm; margin-bottom: .0001pt; background: white;\"><span style=\"color: #233328;\">&#8211; Vista para Serra de S\u00e3o Jos\u00e9,<\/span><\/p><p style=\"margin: 0cm; margin-bottom: .0001pt; background: white;\"><span style=\"color: #233328;\">&#8211; Ilumina\u00e7\u00e3o especial,<\/span><\/p><p style=\"margin: 0cm; margin-bottom: .0001pt; background: white;\"><span style=\"color: #233328;\">&#8211; Varanda de vidro,<\/span><\/p><p style=\"margin: 0cm; margin-bottom: .0001pt; background: white;\"><span style=\"color: #233328;\">&#8211; Mesa de madeira com duas cadeiras,<\/span><\/p><p style=\"margin: 0cm; margin-bottom: .0001pt; background: white;\"><span style=\"color: #233328;\">&#8211; Banheiro com chuveiro,<\/span><\/p><p style=\"margin: 0cm; margin-bottom: .0001pt; background: white;\"><span style=\"color: #233328;\">&#8211; Secador,<\/span><\/p><p style=\"margin: 0cm; margin-bottom: .0001pt; background: white;\"><span style=\"color: #233328;\">&#8211; Ar condicionado quente e frio,<\/span><\/p><p style=\"margin: 0cm; margin-bottom: .0001pt; background: white;\"><span style=\"color: #233328;\">&#8211; TV Smart LED,<\/span><\/p><p style=\"margin: 0cm; margin-bottom: .0001pt; background: white;\"><span style=\"color: #233328;\">&#8211; Frigobar,<\/span><\/p><p style=\"margin: 0cm; margin-bottom: .0001pt; background: white;\"><span style=\"color: #233328;\">&#8211; Sof\u00e1,<\/span><\/p><p style=\"margin: 0cm; margin-bottom: .0001pt; background: white;\"><span style=\"color: #233328;\">&#8211; Cafeteira com c\u00e1psulas de cortesia,<\/span><\/p><p style=\"margin: 0cm; margin-bottom: .0001pt; background: white;\"><span style=\"color: #233328;\">&#8211; 30m\u00b2,<\/span><\/p><p style=\"margin: 0cm; margin-bottom: .0001pt; background: white;\"><span style=\"color: #233328;\">&#8211; Servi\u00e7o de caf\u00e9 no quarto e <em>happy hour<\/em> com bandeja flutuante (consultar valor).<\/span><\/p><p style=\"margin: 0cm; margin-bottom: .0001pt; background: white;\"><span style=\"color: #233328;\">\u00a0<\/span><\/p>\t\t\t\t\t\t\t\t<\/div>\n\t\t\t\t<\/div>\n\t\t\t\t<\/div>\n\t\t<div class=\"elementor-element elementor-element-13bec59 e-con-full e-flex wpr-particle-no wpr-jarallax-no wpr-parallax-no wpr-sticky-section-no wpr-equal-height-no e-con e-child\" data-id=\"13bec59\" data-element_type=\"container\" data-e-type=\"container\">\n\t\t\t\t<div class=\"elementor-element elementor-element-05973fb elementor-widget elementor-widget-gallery\" data-id=\"05973fb\" data-element_type=\"widget\" data-e-type=\"widget\" data-settings=\"{&quot;lazyload&quot;:&quot;yes&quot;,&quot;gallery_layout&quot;:&quot;grid&quot;,&quot;columns&quot;:4,&quot;columns_tablet&quot;:2,&quot;columns_mobile&quot;:1,&quot;gap&quot;:{&quot;unit&quot;:&quot;px&quot;,&quot;size&quot;:10,&quot;sizes&quot;:[]},&quot;gap_tablet&quot;:{&quot;unit&quot;:&quot;px&quot;,&quot;size&quot;:10,&quot;sizes&quot;:[]},&quot;gap_mobile&quot;:{&quot;unit&quot;:&quot;px&quot;,&quot;size&quot;:10,&quot;sizes&quot;:[]},&quot;link_to&quot;:&quot;file&quot;,&quot;aspect_ratio&quot;:&quot;3:2&quot;,&quot;overlay_background&quot;:&quot;yes&quot;,&quot;content_hover_animation&quot;:&quot;fade-in&quot;}\" data-widget_type=\"gallery.default\">\n\t\t\t\t<div class=\"elementor-widget-container\">\n\t\t\t\t\t\t\t<div class=\"elementor-gallery__container\">\n\t\t\t\t\t\t\t<a class=\"e-gallery-item elementor-gallery-item elementor-animated-content\" href=\"https:\/\/serranoexclusive.com.br\/wp-content\/uploads\/2024\/07\/01.png\" data-elementor-open-lightbox=\"yes\" data-elementor-lightbox-slideshow=\"05973fb\" data-elementor-lightbox-title=\"01\" data-e-action-hash=\"#elementor-action%3Aaction%3Dlightbox%26settings%3DeyJpZCI6MTA5NCwidXJsIjoiaHR0cHM6XC9cL3NlcnJhbm9leGNsdXNpdmUuY29tLmJyXC93cC1jb250ZW50XC91cGxvYWRzXC8yMDI0XC8wN1wvMDEucG5nIiwic2xpZGVzaG93IjoiMDU5NzNmYiJ9\">\n\t\t\t\t\t<div class=\"e-gallery-image elementor-gallery-item__image\" data-thumbnail=\"https:\/\/serranoexclusive.com.br\/wp-content\/uploads\/2024\/07\/01-300x169.png\" data-width=\"300\" data-height=\"169\" aria-label=\"\" role=\"img\" ><\/div>\n\t\t\t\t\t\t\t\t\t\t\t<div class=\"elementor-gallery-item__overlay\"><\/div>\n\t\t\t\t\t\t\t\t\t\t\t\t\t\t<\/a>\n\t\t\t\t\t\t\t<a class=\"e-gallery-item elementor-gallery-item elementor-animated-content\" href=\"https:\/\/serranoexclusive.com.br\/wp-content\/uploads\/2024\/07\/03-1-scaled.jpg\" data-elementor-open-lightbox=\"yes\" data-elementor-lightbox-slideshow=\"05973fb\" data-elementor-lightbox-title=\"03\" data-e-action-hash=\"#elementor-action%3Aaction%3Dlightbox%26settings%3DeyJpZCI6MTA5OCwidXJsIjoiaHR0cHM6XC9cL3NlcnJhbm9leGNsdXNpdmUuY29tLmJyXC93cC1jb250ZW50XC91cGxvYWRzXC8yMDI0XC8wN1wvMDMtMS1zY2FsZWQuanBnIiwic2xpZGVzaG93IjoiMDU5NzNmYiJ9\">\n\t\t\t\t\t<div class=\"e-gallery-image elementor-gallery-item__image\" data-thumbnail=\"https:\/\/serranoexclusive.com.br\/wp-content\/uploads\/2024\/07\/03-1-300x200.jpg\" data-width=\"300\" data-height=\"200\" aria-label=\"\" role=\"img\" ><\/div>\n\t\t\t\t\t\t\t\t\t\t\t<div class=\"elementor-gallery-item__overlay\"><\/div>\n\t\t\t\t\t\t\t\t\t\t\t\t\t\t<\/a>\n\t\t\t\t\t\t\t<a class=\"e-gallery-item elementor-gallery-item elementor-animated-content\" href=\"https:\/\/serranoexclusive.com.br\/wp-content\/uploads\/2024\/07\/10-scaled.jpg\" data-elementor-open-lightbox=\"yes\" data-elementor-lightbox-slideshow=\"05973fb\" data-elementor-lightbox-title=\"10\" data-e-action-hash=\"#elementor-action%3Aaction%3Dlightbox%26settings%3DeyJpZCI6MTA5NSwidXJsIjoiaHR0cHM6XC9cL3NlcnJhbm9leGNsdXNpdmUuY29tLmJyXC93cC1jb250ZW50XC91cGxvYWRzXC8yMDI0XC8wN1wvMTAtc2NhbGVkLmpwZyIsInNsaWRlc2hvdyI6IjA1OTczZmIifQ%3D%3D\">\n\t\t\t\t\t<div class=\"e-gallery-image elementor-gallery-item__image\" data-thumbnail=\"https:\/\/serranoexclusive.com.br\/wp-content\/uploads\/2024\/07\/10-200x300.jpg\" data-width=\"200\" data-height=\"300\" aria-label=\"\" role=\"img\" ><\/div>\n\t\t\t\t\t\t\t\t\t\t\t<div class=\"elementor-gallery-item__overlay\"><\/div>\n\t\t\t\t\t\t\t\t\t\t\t\t\t\t<\/a>\n\t\t\t\t\t\t\t<a class=\"e-gallery-item elementor-gallery-item elementor-animated-content\" href=\"https:\/\/serranoexclusive.com.br\/wp-content\/uploads\/2024\/07\/02-1-scaled.jpg\" data-elementor-open-lightbox=\"yes\" data-elementor-lightbox-slideshow=\"05973fb\" data-elementor-lightbox-title=\"02\" data-e-action-hash=\"#elementor-action%3Aaction%3Dlightbox%26settings%3DeyJpZCI6MTA5NywidXJsIjoiaHR0cHM6XC9cL3NlcnJhbm9leGNsdXNpdmUuY29tLmJyXC93cC1jb250ZW50XC91cGxvYWRzXC8yMDI0XC8wN1wvMDItMS1zY2FsZWQuanBnIiwic2xpZGVzaG93IjoiMDU5NzNmYiJ9\">\n\t\t\t\t\t<div class=\"e-gallery-image elementor-gallery-item__image\" data-thumbnail=\"https:\/\/serranoexclusive.com.br\/wp-content\/uploads\/2024\/07\/02-1-300x200.jpg\" data-width=\"300\" data-height=\"200\" aria-label=\"\" role=\"img\" ><\/div>\n\t\t\t\t\t\t\t\t\t\t\t<div class=\"elementor-gallery-item__overlay\"><\/div>\n\t\t\t\t\t\t\t\t\t\t\t\t\t\t<\/a>\n\t\t\t\t\t\t\t<a class=\"e-gallery-item elementor-gallery-item elementor-animated-content\" href=\"https:\/\/serranoexclusive.com.br\/wp-content\/uploads\/2024\/07\/09-1-scaled.jpg\" data-elementor-open-lightbox=\"yes\" data-elementor-lightbox-slideshow=\"05973fb\" data-elementor-lightbox-title=\"09\" data-e-action-hash=\"#elementor-action%3Aaction%3Dlightbox%26settings%3DeyJpZCI6MTA5MywidXJsIjoiaHR0cHM6XC9cL3NlcnJhbm9leGNsdXNpdmUuY29tLmJyXC93cC1jb250ZW50XC91cGxvYWRzXC8yMDI0XC8wN1wvMDktMS1zY2FsZWQuanBnIiwic2xpZGVzaG93IjoiMDU5NzNmYiJ9\">\n\t\t\t\t\t<div class=\"e-gallery-image elementor-gallery-item__image\" data-thumbnail=\"https:\/\/serranoexclusive.com.br\/wp-content\/uploads\/2024\/07\/09-1-300x200.jpg\" data-width=\"300\" data-height=\"200\" aria-label=\"\" role=\"img\" ><\/div>\n\t\t\t\t\t\t\t\t\t\t\t<div class=\"elementor-gallery-item__overlay\"><\/div>\n\t\t\t\t\t\t\t\t\t\t\t\t\t\t<\/a>\n\t\t\t\t\t\t\t<a class=\"e-gallery-item elementor-gallery-item elementor-animated-content\" href=\"https:\/\/serranoexclusive.com.br\/wp-content\/uploads\/2024\/07\/04-1-scaled.jpg\" data-elementor-open-lightbox=\"yes\" data-elementor-lightbox-slideshow=\"05973fb\" data-elementor-lightbox-title=\"04\" data-e-action-hash=\"#elementor-action%3Aaction%3Dlightbox%26settings%3DeyJpZCI6MTEwMCwidXJsIjoiaHR0cHM6XC9cL3NlcnJhbm9leGNsdXNpdmUuY29tLmJyXC93cC1jb250ZW50XC91cGxvYWRzXC8yMDI0XC8wN1wvMDQtMS1zY2FsZWQuanBnIiwic2xpZGVzaG93IjoiMDU5NzNmYiJ9\">\n\t\t\t\t\t<div class=\"e-gallery-image elementor-gallery-item__image\" data-thumbnail=\"https:\/\/serranoexclusive.com.br\/wp-content\/uploads\/2024\/07\/04-1-300x200.jpg\" data-width=\"300\" data-height=\"200\" aria-label=\"\" role=\"img\" ><\/div>\n\t\t\t\t\t\t\t\t\t\t\t<div class=\"elementor-gallery-item__overlay\"><\/div>\n\t\t\t\t\t\t\t\t\t\t\t\t\t\t<\/a>\n\t\t\t\t\t\t\t<a class=\"e-gallery-item elementor-gallery-item elementor-animated-content\" href=\"https:\/\/serranoexclusive.com.br\/wp-content\/uploads\/2024\/07\/05-1-scaled.jpg\" data-elementor-open-lightbox=\"yes\" data-elementor-lightbox-slideshow=\"05973fb\" data-elementor-lightbox-title=\"05\" data-e-action-hash=\"#elementor-action%3Aaction%3Dlightbox%26settings%3DeyJpZCI6MTA5OSwidXJsIjoiaHR0cHM6XC9cL3NlcnJhbm9leGNsdXNpdmUuY29tLmJyXC93cC1jb250ZW50XC91cGxvYWRzXC8yMDI0XC8wN1wvMDUtMS1zY2FsZWQuanBnIiwic2xpZGVzaG93IjoiMDU5NzNmYiJ9\">\n\t\t\t\t\t<div class=\"e-gallery-image elementor-gallery-item__image\" data-thumbnail=\"https:\/\/serranoexclusive.com.br\/wp-content\/uploads\/2024\/07\/05-1-300x200.jpg\" data-width=\"300\" data-height=\"200\" aria-label=\"\" role=\"img\" ><\/div>\n\t\t\t\t\t\t\t\t\t\t\t<div class=\"elementor-gallery-item__overlay\"><\/div>\n\t\t\t\t\t\t\t\t\t\t\t\t\t\t<\/a>\n\t\t\t\t\t\t\t<a class=\"e-gallery-item elementor-gallery-item elementor-animated-content\" href=\"https:\/\/serranoexclusive.com.br\/wp-content\/uploads\/2024\/07\/11-scaled.jpg\" data-elementor-open-lightbox=\"yes\" data-elementor-lightbox-slideshow=\"05973fb\" data-elementor-lightbox-title=\"11\" data-e-action-hash=\"#elementor-action%3Aaction%3Dlightbox%26settings%3DeyJpZCI6MTA5MSwidXJsIjoiaHR0cHM6XC9cL3NlcnJhbm9leGNsdXNpdmUuY29tLmJyXC93cC1jb250ZW50XC91cGxvYWRzXC8yMDI0XC8wN1wvMTEtc2NhbGVkLmpwZyIsInNsaWRlc2hvdyI6IjA1OTczZmIifQ%3D%3D\">\n\t\t\t\t\t<div class=\"e-gallery-image elementor-gallery-item__image\" data-thumbnail=\"https:\/\/serranoexclusive.com.br\/wp-content\/uploads\/2024\/07\/11-300x200.jpg\" data-width=\"300\" data-height=\"200\" aria-label=\"\" role=\"img\" ><\/div>\n\t\t\t\t\t\t\t\t\t\t\t<div class=\"elementor-gallery-item__overlay\"><\/div>\n\t\t\t\t\t\t\t\t\t\t\t\t\t\t<\/a>\n\t\t\t\t\t\t\t<a class=\"e-gallery-item elementor-gallery-item elementor-animated-content\" href=\"https:\/\/serranoexclusive.com.br\/wp-content\/uploads\/2024\/07\/07-1-scaled.jpg\" data-elementor-open-lightbox=\"yes\" data-elementor-lightbox-slideshow=\"05973fb\" data-elementor-lightbox-title=\"07\" data-e-action-hash=\"#elementor-action%3Aaction%3Dlightbox%26settings%3DeyJpZCI6MTA5MiwidXJsIjoiaHR0cHM6XC9cL3NlcnJhbm9leGNsdXNpdmUuY29tLmJyXC93cC1jb250ZW50XC91cGxvYWRzXC8yMDI0XC8wN1wvMDctMS1zY2FsZWQuanBnIiwic2xpZGVzaG93IjoiMDU5NzNmYiJ9\">\n\t\t\t\t\t<div class=\"e-gallery-image elementor-gallery-item__image\" data-thumbnail=\"https:\/\/serranoexclusive.com.br\/wp-content\/uploads\/2024\/07\/07-1-300x200.jpg\" data-width=\"300\" data-height=\"200\" aria-label=\"\" role=\"img\" ><\/div>\n\t\t\t\t\t\t\t\t\t\t\t<div class=\"elementor-gallery-item__overlay\"><\/div>\n\t\t\t\t\t\t\t\t\t\t\t\t\t\t<\/a>\n\t\t\t\t\t\t\t<a class=\"e-gallery-item elementor-gallery-item elementor-animated-content\" href=\"https:\/\/serranoexclusive.com.br\/wp-content\/uploads\/2024\/07\/08.png\" data-elementor-open-lightbox=\"yes\" data-elementor-lightbox-slideshow=\"05973fb\" data-elementor-lightbox-title=\"08\" data-e-action-hash=\"#elementor-action%3Aaction%3Dlightbox%26settings%3DeyJpZCI6MTA5NiwidXJsIjoiaHR0cHM6XC9cL3NlcnJhbm9leGNsdXNpdmUuY29tLmJyXC93cC1jb250ZW50XC91cGxvYWRzXC8yMDI0XC8wN1wvMDgucG5nIiwic2xpZGVzaG93IjoiMDU5NzNmYiJ9\">\n\t\t\t\t\t<div class=\"e-gallery-image elementor-gallery-item__image\" data-thumbnail=\"https:\/\/serranoexclusive.com.br\/wp-content\/uploads\/2024\/07\/08-300x169.png\" data-width=\"300\" data-height=\"169\" aria-label=\"\" role=\"img\" ><\/div>\n\t\t\t\t\t\t\t\t\t\t\t<div class=\"elementor-gallery-item__overlay\"><\/div>\n\t\t\t\t\t\t\t\t\t\t\t\t\t\t<\/a>\n\t\t\t\t\t<\/div>\n\t\t\t\t\t<\/div>\n\t\t\t\t<\/div>\n\t\t\t\t<\/div>\n\t\t\t\t\t<\/div>\n\t\t\t\t<\/div>\n\t\t<div class=\"elementor-element elementor-element-734f2dd e-flex e-con-boxed wpr-particle-no wpr-jarallax-no wpr-parallax-no wpr-sticky-section-no wpr-equal-height-no e-con e-parent\" data-id=\"734f2dd\" data-element_type=\"container\" data-e-type=\"container\">\n\t\t\t\t\t<div class=\"e-con-inner\">\n\t\t\t\t<div class=\"elementor-element elementor-element-d50cd5b elementor-align-center elementor-widget elementor-widget-button\" data-id=\"d50cd5b\" data-element_type=\"widget\" data-e-type=\"widget\" data-widget_type=\"button.default\">\n\t\t\t\t<div class=\"elementor-widget-container\">\n\t\t\t\t\t\t\t\t\t<div class=\"elementor-button-wrapper\">\n\t\t\t\t\t<a class=\"elementor-button elementor-button-link elementor-size-sm\" href=\"https:\/\/book.bitzsoftwares.com.br\/0fb14d4c-f7d0-414a-bf46-276cee728af0\">\n\t\t\t\t\t\t<span class=\"elementor-button-content-wrapper\">\n\t\t\t\t\t\t\t\t\t<span class=\"elementor-button-text\">RESERVAS<\/span>\n\t\t\t\t\t<\/span>\n\t\t\t\t\t<\/a>\n\t\t\t\t<\/div>\n\t\t\t\t\t\t\t\t<\/div>\n\t\t\t\t<\/div>\n\t\t\t\t\t<\/div>\n\t\t\t\t<\/div>\n\t\t<div class=\"elementor-element elementor-element-8be7a4a e-flex e-con-boxed wpr-particle-no wpr-jarallax-no wpr-parallax-no wpr-sticky-section-no wpr-equal-height-no e-con e-parent\" data-id=\"8be7a4a\" data-element_type=\"container\" data-e-type=\"container\">\n\t\t\t\t\t<div class=\"e-con-inner\">\n\t\t\t\t<div class=\"elementor-element elementor-element-8f2fa6e elementor-widget elementor-widget-spacer\" data-id=\"8f2fa6e\" data-element_type=\"widget\" data-e-type=\"widget\" data-widget_type=\"spacer.default\">\n\t\t\t\t<div class=\"elementor-widget-container\">\n\t\t\t\t\t\t\t<div class=\"elementor-spacer\">\n\t\t\t<div class=\"elementor-spacer-inner\"><\/div>\n\t\t<\/div>\n\t\t\t\t\t\t<\/div>\n\t\t\t\t<\/div>\n\t\t\t\t\t<\/div>\n\t\t\t\t<\/div>\n\t\t\t\t<\/div>\n\t\t","protected":false},"excerpt":{"rendered":"<p>Su\u00edte Premium &#8211; Quarto amplo, &#8211; Piscina privativa e aquecida, &#8211; Vista para Serra de S\u00e3o Jos\u00e9, &#8211; Ilumina\u00e7\u00e3o especial, &#8211; Varanda de vidro, &#8211; Mesa de madeira com duas cadeiras, &#8211; Banheiro com chuveiro, &#8211; Secador, &#8211; Ar condicionado quente e frio, &#8211; TV Smart LED, &#8211; Frigobar, &#8211; Sof\u00e1, &#8211; Cafeteira com c\u00e1psulas de cortesia, &#8211; 30m\u00b2, &#8211; Servi\u00e7o de caf\u00e9 no quarto e happy hour com bandeja flutuante (consultar valor). \u00a0 RESERVAS<\/p>\n","protected":false},"author":1,"featured_media":0,"parent":0,"menu_order":0,"comment_status":"closed","ping_status":"closed","template":"elementor_header_footer","meta":{"_monsterinsights_skip_tracking":false,"_monsterinsights_sitenote_active":false,"_monsterinsights_sitenote_note":"","_monsterinsights_sitenote_category":0,"footnotes":""},"class_list":["post-1088","page","type-page","status-publish","hentry"],"aioseo_notices":[],"_links":{"self":[{"href":"https:\/\/serranoexclusive.com.br\/index.php\/wp-json\/wp\/v2\/pages\/1088","targetHints":{"allow":["GET"]}}],"collection":[{"href":"https:\/\/serranoexclusive.com.br\/index.php\/wp-json\/wp\/v2\/pages"}],"about":[{"href":"https:\/\/serranoexclusive.com.br\/index.php\/wp-json\/wp\/v2\/types\/page"}],"author":[{"embeddable":true,"href":"https:\/\/serranoexclusive.com.br\/index.php\/wp-json\/wp\/v2\/users\/1"}],"replies":[{"embeddable":true,"href":"https:\/\/serranoexclusive.com.br\/index.php\/wp-json\/wp\/v2\/comments?post=1088"}],"version-history":[{"count":13,"href":"https:\/\/serranoexclusive.com.br\/index.php\/wp-json\/wp\/v2\/pages\/1088\/revisions"}],"predecessor-version":[{"id":1472,"href":"https:\/\/serranoexclusive.com.br\/index.php\/wp-json\/wp\/v2\/pages\/1088\/revisions\/1472"}],"wp:attachment":[{"href":"https:\/\/serranoexclusive.com.br\/index.php\/wp-json\/wp\/v2\/media?parent=1088"}],"curies":[{"name":"wp","href":"https:\/\/api.w.org\/{rel}","templated":true}]}}